{"id":233,"date":"2018-02-18T00:40:02","date_gmt":"2018-02-17T23:40:02","guid":{"rendered":"https:\/\/www.mpraxe.cz\/?page_id=233"},"modified":"2021-06-15T22:07:42","modified_gmt":"2021-06-15T20:07:42","slug":"oceneni-lekarske-praxe","status":"publish","type":"page","link":"https:\/\/www.medishark.cz\/en\/oceneni-lekarske-praxe\/","title":{"rendered":"Business valuation"},"content":{"rendered":"<div data-elementor-type=\"wp-page\" data-elementor-id=\"233\" class=\"elementor elementor-233 elementor-bc-flex-widget\" data-elementor-settings=\"[]\">\n\t\t\t\t\t\t<div class=\"elementor-inner\">\n\t\t\t\t\t\t\t<div class=\"elementor-section-wrap\">\n\t\t\t\t\t\t\t<section class=\"elementor-section elementor-top-section elementor-element elementor-element-4349a5b elementor-section-stretched elementor-section-boxed elementor-section-height-default elementor-section-height-default\" data-id=\"4349a5b\" data-element_type=\"section\" data-settings=\"{&quot;stretch_section&quot;:&quot;section-stretched&quot;}\">\n\t\t\t\t\t\t<div class=\"elementor-container elementor-column-gap-default\">\n\t\t\t\t\t\t\t<div class=\"elementor-row\">\n\t\t\t\t\t<div class=\"elementor-column elementor-col-100 elementor-top-column elementor-element elementor-element-028fb7c\" data-id=\"028fb7c\" data-element_type=\"column\">\n\t\t\t<div class=\"elementor-column-wrap elementor-element-populated\">\n\t\t\t\t\t\t\t<div class=\"elementor-widget-wrap\">\n\t\t\t\t\t\t<section class=\"elementor-section elementor-inner-section elementor-element elementor-element-e8fa41e elementor-section-boxed elementor-section-height-default elementor-section-height-default\" data-id=\"e8fa41e\" data-element_type=\"section\">\n\t\t\t\t\t\t<div class=\"elementor-container elementor-column-gap-default\">\n\t\t\t\t\t\t\t<div class=\"elementor-row\">\n\t\t\t\t\t<div class=\"elementor-column elementor-col-100 elementor-inner-column elementor-element elementor-element-028cade\" data-id=\"028cade\" data-element_type=\"column\">\n\t\t\t<div class=\"elementor-column-wrap elementor-element-populated\">\n\t\t\t\t\t\t\t<div class=\"elementor-widget-wrap\">\n\t\t\t\t\t\t<div class=\"elementor-element elementor-element-caa8a1c elementor-widget elementor-widget-text-editor\" data-id=\"caa8a1c\" data-element_type=\"widget\" data-widget_type=\"text-editor.default\">\n\t\t\t\t<div class=\"elementor-widget-container\">\n\t\t\t\t\t\t\t\t<div class=\"elementor-text-editor elementor-clearfix\">\n\t\t\t\t<p>If you are considering selling your medical practice, let us first of all assess its valuation. We aim to avoid unnecessary accountancy juggling, which would not bring you to closing an actual deal anyway. In fact we put emphasis on the analysis of insurance companies\u2019 contracts, numbers of active patients and actual operational criteria that are crucial for the value and \u2018transferability\u2019 of the business.<\/p>\t\t\t\t\t<\/div>\n\t\t\t\t\t\t<\/div>\n\t\t\t\t<\/div>\n\t\t\t\t<div class=\"elementor-element elementor-element-2fd193e elementor-widget-divider--view-line elementor-widget elementor-widget-divider\" data-id=\"2fd193e\" data-element_type=\"widget\" data-widget_type=\"divider.default\">\n\t\t\t\t<div class=\"elementor-widget-container\">\n\t\t\t\t\t<div class=\"elementor-divider\">\n\t\t\t<span class=\"elementor-divider-separator\">\n\t\t\t\t\t\t<\/span>\n\t\t<\/div>\n\t\t\t\t<\/div>\n\t\t\t\t<\/div>\n\t\t\t\t<div class=\"elementor-element elementor-element-b60fa6e elementor-widget elementor-widget-text-editor\" data-id=\"b60fa6e\" data-element_type=\"widget\" data-widget_type=\"text-editor.default\">\n\t\t\t\t<div class=\"elementor-widget-container\">\n\t\t\t\t\t\t\t\t<div class=\"elementor-text-editor elementor-clearfix\">\n\t\t\t\t<p>Based on your individual situation we would like to offer you as part of our valuation some concrete practical recommendations on how to deal with particular types of buyers. If for example the interested buyer is a young medical doctor from the same medical field, their priority would likely be a low asking price and high quality of insurance companies\u2019 contracts. On the other hand, an already functioning medical practice based in a different medical field, would likely be more interested in an established medical personnel team and may not push to reduce the asking price of the business. They may rather aim to divide the cost into several instalments based on a gradual hand-over.<\/p>\t\t\t\t\t<\/div>\n\t\t\t\t\t\t<\/div>\n\t\t\t\t<\/div>\n\t\t\t\t<div class=\"elementor-element elementor-element-1baccbc elementor-widget-divider--view-line elementor-widget elementor-widget-divider\" data-id=\"1baccbc\" data-element_type=\"widget\" data-widget_type=\"divider.default\">\n\t\t\t\t<div class=\"elementor-widget-container\">\n\t\t\t\t\t<div class=\"elementor-divider\">\n\t\t\t<span class=\"elementor-divider-separator\">\n\t\t\t\t\t\t<\/span>\n\t\t<\/div>\n\t\t\t\t<\/div>\n\t\t\t\t<\/div>\n\t\t\t\t<div class=\"elementor-element elementor-element-5858be6 elementor-widget elementor-widget-text-editor\" data-id=\"5858be6\" data-element_type=\"widget\" data-widget_type=\"text-editor.default\">\n\t\t\t\t<div class=\"elementor-widget-container\">\n\t\t\t\t\t\t\t\t<div class=\"elementor-text-editor elementor-clearfix\">\n\t\t\t\t<p>After meeting in person, we would aim to offer you specific interested buyers. Based on a mandate agreement we would also like to represent you in the sales process, including all administration management, as per Selling of Medical Practices. <a href=\"https:\/\/www.medishark.cz\/en\/prodej-lekarske-praxe\/\">Selling of Medical Practices<\/a>.<\/p>\t\t\t\t\t<\/div>\n\t\t\t\t\t\t<\/div>\n\t\t\t\t<\/div>\n\t\t\t\t\t\t<\/div>\n\t\t\t\t\t<\/div>\n\t\t<\/div>\n\t\t\t\t\t\t\t\t<\/div>\n\t\t\t\t\t<\/div>\n\t\t<\/section>\n\t\t\t\t\t\t<\/div>\n\t\t\t\t\t<\/div>\n\t\t<\/div>\n\t\t\t\t\t\t\t\t<\/div>\n\t\t\t\t\t<\/div>\n\t\t<\/section>\n\t\t\t\t\t\t<\/div>\n\t\t\t\t\t\t<\/div>\n\t\t\t\t\t<\/div>","protected":false},"excerpt":{"rendered":"<p>Pokud sm\u011b\u0159ujete k prodeji sv\u00e9 l\u00e9ka\u0159sk\u00e9 praxe, nechte si od n\u00e1s nejprve zpracovat jej\u00ed ocen\u011bn\u00ed. Na\u0161\u00ed cestou je vyhnout se zbyte\u010dn\u00e9 \u00fa\u010detn\u00ed ekvilibristice, kter\u00e1 V\u00e1s k dojedn\u00e1n\u00ed konkr\u00e9tn\u00ed transakce nep\u0159ibl\u00ed\u017e\u00ed. D\u016fraz naopak klademe na anal\u00fdzu smluv se ZP, po\u010det aktivn\u00edch pacient\u016f a re\u00e1ln\u00e1 provozn\u00ed krit\u00e9ria, kter\u00e1 jsou pro hodnotu a \u201ep\u0159enositelnost\u201c praxe st\u011b\u017eejn\u00ed. Na z\u00e1klad\u011b [&hellip;]<\/p>","protected":false},"author":1,"featured_media":0,"parent":0,"menu_order":0,"comment_status":"closed","ping_status":"closed","template":"","meta":[],"_links":{"self":[{"href":"https:\/\/www.medishark.cz\/en\/wp-json\/wp\/v2\/pages\/233"}],"collection":[{"href":"https:\/\/www.medishark.cz\/en\/wp-json\/wp\/v2\/pages"}],"about":[{"href":"https:\/\/www.medishark.cz\/en\/wp-json\/wp\/v2\/types\/page"}],"author":[{"embeddable":true,"href":"https:\/\/www.medishark.cz\/en\/wp-json\/wp\/v2\/users\/1"}],"replies":[{"embeddable":true,"href":"https:\/\/www.medishark.cz\/en\/wp-json\/wp\/v2\/comments?post=233"}],"version-history":[{"count":29,"href":"https:\/\/www.medishark.cz\/en\/wp-json\/wp\/v2\/pages\/233\/revisions"}],"predecessor-version":[{"id":601,"href":"https:\/\/www.medishark.cz\/en\/wp-json\/wp\/v2\/pages\/233\/revisions\/601"}],"wp:attachment":[{"href":"https:\/\/www.medishark.cz\/en\/wp-json\/wp\/v2\/media?parent=233"}],"curies":[{"name":"wp","href":"https:\/\/api.w.org\/{rel}","templated":true}]}}