{"id":235,"date":"2018-02-18T00:40:14","date_gmt":"2018-02-17T23:40:14","guid":{"rendered":"https:\/\/www.mpraxe.cz\/?page_id=235"},"modified":"2018-03-07T23:53:08","modified_gmt":"2018-03-07T22:53:08","slug":"prodej-lekarske-praxe","status":"publish","type":"page","link":"https:\/\/www.medishark.cz\/en\/prodej-lekarske-praxe\/","title":{"rendered":"Selling of Medical Practices"},"content":{"rendered":"<div data-elementor-type=\"wp-page\" data-elementor-id=\"235\" class=\"elementor elementor-235 elementor-bc-flex-widget\" data-elementor-settings=\"[]\">\n\t\t\t\t\t\t<div class=\"elementor-inner\">\n\t\t\t\t\t\t\t<div class=\"elementor-section-wrap\">\n\t\t\t\t\t\t\t<section class=\"elementor-section elementor-top-section elementor-element elementor-element-2277a63 elementor-section-boxed elementor-section-height-default elementor-section-height-default\" data-id=\"2277a63\" data-element_type=\"section\">\n\t\t\t\t\t\t<div class=\"elementor-container elementor-column-gap-default\">\n\t\t\t\t\t\t\t<div class=\"elementor-row\">\n\t\t\t\t\t<div class=\"elementor-column elementor-col-100 elementor-top-column elementor-element elementor-element-94339e8\" data-id=\"94339e8\" data-element_type=\"column\">\n\t\t\t<div class=\"elementor-column-wrap elementor-element-populated\">\n\t\t\t\t\t\t\t<div class=\"elementor-widget-wrap\">\n\t\t\t\t\t\t<div class=\"elementor-element elementor-element-d4231f7 elementor-widget elementor-widget-text-editor\" data-id=\"d4231f7\" data-element_type=\"widget\" data-widget_type=\"text-editor.default\">\n\t\t\t\t<div class=\"elementor-widget-container\">\n\t\t\t\t\t\t\t\t<div class=\"elementor-text-editor elementor-clearfix\">\n\t\t\t\t<p>The centre of our activities is the management of sales of medical practices in the General Practice field and for Out-patient specialists. First and foremost we assess the concrete situation of a given medical doctor and we aim to find such a way that would be in agreement with their expectations. We are very flexible when drafting offers and suggesting various models of sales, and base our ides on our ten year experience in managing varied healthcare establishments and their transfers.<\/p>\t\t\t\t\t<\/div>\n\t\t\t\t\t\t<\/div>\n\t\t\t\t<\/div>\n\t\t\t\t<div class=\"elementor-element elementor-element-8f3ca20 elementor-widget-divider--view-line elementor-widget elementor-widget-divider\" data-id=\"8f3ca20\" data-element_type=\"widget\" data-widget_type=\"divider.default\">\n\t\t\t\t<div class=\"elementor-widget-container\">\n\t\t\t\t\t<div class=\"elementor-divider\">\n\t\t\t<span class=\"elementor-divider-separator\">\n\t\t\t\t\t\t<\/span>\n\t\t<\/div>\n\t\t\t\t<\/div>\n\t\t\t\t<\/div>\n\t\t\t\t<div class=\"elementor-element elementor-element-4800d74 elementor-widget elementor-widget-text-editor\" data-id=\"4800d74\" data-element_type=\"widget\" data-widget_type=\"text-editor.default\">\n\t\t\t\t<div class=\"elementor-widget-container\">\n\t\t\t\t\t\t\t\t<div class=\"elementor-text-editor elementor-clearfix\">\n\t\t\t\t<p>When looking for a suitable buyer for a particular medical practice we advertise in printed periodicals and electronic advertising forums. We also actively contact possible interested parties, including the medical doctors and companies working in the given medical field and region. Thanks to our long-term experience we have number of high-quality contacts in all larger healthcare companies and we are often able to find an actual buyer quickly. Via our partner company <a href=\"https:\/\/www.jobsolution.cz\">Job Solution<\/a> we are able to solve recruitment and personnel issues and offer a \u2018complete package\u2019 doctor + practice, which allows the seller to ask for a higher price <a href=\"https:\/\/www.medishark.cz\/en\/oceneni-lekarske-praxe\/\">(see Business valuation).<\/a>)<\/p>\t\t\t\t\t<\/div>\n\t\t\t\t\t\t<\/div>\n\t\t\t\t<\/div>\n\t\t\t\t<div class=\"elementor-element elementor-element-6fdc5ed elementor-widget-divider--view-line elementor-widget elementor-widget-divider\" data-id=\"6fdc5ed\" data-element_type=\"widget\" data-widget_type=\"divider.default\">\n\t\t\t\t<div class=\"elementor-widget-container\">\n\t\t\t\t\t<div class=\"elementor-divider\">\n\t\t\t<span class=\"elementor-divider-separator\">\n\t\t\t\t\t\t<\/span>\n\t\t<\/div>\n\t\t\t\t<\/div>\n\t\t\t\t<\/div>\n\t\t\t\t\t\t<\/div>\n\t\t\t\t\t<\/div>\n\t\t<\/div>\n\t\t\t\t\t\t\t\t<\/div>\n\t\t\t\t\t<\/div>\n\t\t<\/section>\n\t\t\t\t<section class=\"elementor-section elementor-top-section elementor-element elementor-element-8baf166 elementor-section-boxed elementor-section-height-default elementor-section-height-default\" data-id=\"8baf166\" data-element_type=\"section\">\n\t\t\t\t\t\t<div class=\"elementor-container elementor-column-gap-default\">\n\t\t\t\t\t\t\t<div class=\"elementor-row\">\n\t\t\t\t\t<div class=\"elementor-column elementor-col-100 elementor-top-column elementor-element elementor-element-a6b83a9\" data-id=\"a6b83a9\" data-element_type=\"column\">\n\t\t\t<div class=\"elementor-column-wrap elementor-element-populated\">\n\t\t\t\t\t\t\t<div class=\"elementor-widget-wrap\">\n\t\t\t\t\t\t<div class=\"elementor-element elementor-element-eaec97d elementor-widget elementor-widget-text-editor\" data-id=\"eaec97d\" data-element_type=\"widget\" data-widget_type=\"text-editor.default\">\n\t\t\t\t<div class=\"elementor-widget-container\">\n\t\t\t\t\t\t\t\t<div class=\"elementor-text-editor elementor-clearfix\">\n\t\t\t\t<p>For individual transactions we are able to manage administration side of transferring the practice with all the necessary agencies. We are able to manage transfers of medical practices in the form of a Limited Liability Company, as well as an individual entity as per the Czech legal system (\u00a7 17 paragraph. 8 act no. 48\/1997 Vol). If you are individual entity and are considering applying for a Limited Liability Company, please see the table below for your information.<\/p>\t\t\t\t\t<\/div>\n\t\t\t\t\t\t<\/div>\n\t\t\t\t<\/div>\n\t\t\t\t\t\t<\/div>\n\t\t\t\t\t<\/div>\n\t\t<\/div>\n\t\t\t\t\t\t\t\t<\/div>\n\t\t\t\t\t<\/div>\n\t\t<\/section>\n\t\t\t\t<section class=\"elementor-section elementor-top-section elementor-element elementor-element-c399055 elementor-section-stretched elementor-section-boxed elementor-section-height-default elementor-section-height-default\" data-id=\"c399055\" data-element_type=\"section\" data-settings=\"{&quot;stretch_section&quot;:&quot;section-stretched&quot;,&quot;background_background&quot;:&quot;classic&quot;,&quot;shape_divider_top&quot;:&quot;tilt&quot;}\">\n\t\t\t\t\t<div class=\"elementor-shape elementor-shape-top\" data-negative=\"false\">\n\t\t\t<svg xmlns=\"http:\/\/www.w3.org\/2000\/svg\" viewbox=\"0 0 1000 100\" preserveaspectratio=\"none\">\n\t<path class=\"elementor-shape-fill\" d=\"M0,6V0h1000v100L0,6z\"\/>\n<\/svg>\t\t<\/div>\n\t\t\t\t\t<div class=\"elementor-container elementor-column-gap-default\">\n\t\t\t\t\t\t\t<div class=\"elementor-row\">\n\t\t\t\t\t<div class=\"elementor-column elementor-col-100 elementor-top-column elementor-element elementor-element-6643198\" data-id=\"6643198\" data-element_type=\"column\">\n\t\t\t<div class=\"elementor-column-wrap elementor-element-populated\">\n\t\t\t\t\t\t\t<div class=\"elementor-widget-wrap\">\n\t\t\t\t\t\t<div class=\"elementor-element elementor-element-06d2f6d elementor-widget elementor-widget-toggle\" data-id=\"06d2f6d\" data-element_type=\"widget\" data-widget_type=\"toggle.default\">\n\t\t\t\t<div class=\"elementor-widget-container\">\n\t\t\t\t\t<div class=\"elementor-toggle\" role=\"tablist\">\n\t\t\t\t\t\t\t<div class=\"elementor-toggle-item\">\n\t\t\t\t\t<div id=\"elementor-tab-title-7151\" class=\"elementor-tab-title\" data-tab=\"1\" role=\"tab\" aria-controls=\"elementor-tab-content-7151\" aria-expanded=\"false\">\n\t\t\t\t\t\t\t\t\t\t\t\t<span class=\"elementor-toggle-icon elementor-toggle-icon-left\" aria-hidden=\"true\">\n\t\t\t\t\t\t\t\t\t\t\t\t\t\t\t<i class=\"elementor-toggle-icon-closed fa fa-caret-right\"><\/i>\n\t\t\t\t\t\t\t\t<i class=\"elementor-toggle-icon-opened fa fa-caret-up\"><\/i>\n\t\t\t\t\t\t\t\t\t\t\t\t\t<\/span>\n\t\t\t\t\t\t\t\t\t\t\t\t<a href=\"\" class=\"elementor-toggle-title\">Show Individual entity and Limited Liability Company comparison:<\/a>\n\t\t\t\t\t<\/div>\n\n\t\t\t\t\t<div id=\"elementor-tab-content-7151\" class=\"elementor-tab-content elementor-clearfix\" data-tab=\"1\" role=\"tabpanel\" aria-labelledby=\"elementor-tab-title-7151\"><table width=\"768\"><tbody><tr><td colspan=\"4\" width=\"256\">Category<\/td><td colspan=\"4\" width=\"256\">Individual<\/td><td colspan=\"4\" width=\"256\">Limited Liability Company (LLC)<\/td><\/tr><tr><td colspan=\"4\">Liability and responsibility<\/td><td colspan=\"4\">Guaranteed by complete personal assets<\/td><td colspan=\"4\" width=\"256\">The associates have liability only to the extent of the outstanding stake; the executive director is liable in the case of violating his\/her legal obligations<\/td><\/tr><tr><td colspan=\"4\">Operations expenses<\/td><td style=\"text-align: center;\" colspan=\"8\">identical<\/td><\/tr><tr><td colspan=\"4\">Tax burden<\/td><td colspan=\"8\" width=\"512\">A very different calculation, but similar result. A self-employed person may manage expenses as lump fee, while LLC associates may optimise the tax burden with changes within the ratio between the wages and profit.<\/td><\/tr><tr><td colspan=\"4\">Accountancy expenses<\/td><td colspan=\"4\">lower<\/td><td colspan=\"4\">higher \u2013 double entry accounting<\/td><\/tr><tr><td colspan=\"4\">Medial practice image<\/td><td colspan=\"4\">Tied to an individual<\/td><td colspan=\"4\" width=\"256\">Development of a marketing brand- easier for a future transfer<\/td><\/tr><tr><td colspan=\"4\">Medical practice value<\/td><td colspan=\"4\" width=\"256\">Not being a LLC can be an advantage for a functioning company, which would later either have to manage parallel existence of multiple companies or an expensive merger.<\/td><td colspan=\"4\" width=\"256\">The marketing brand is of an added value<\/td><\/tr><tr><td colspan=\"4\">Medical practice sale tax<\/td><td colspan=\"4\" width=\"256\">Practically 36.5%- 15% income tax, social and medical insurance<\/td><td colspan=\"4\" width=\"256\">15%, business share sale becomes tax-free after 5 years<\/td><\/tr><tr><td colspan=\"4\">Practice transfer time frame<\/td><td colspan=\"4\">3 months minimum<\/td><td colspan=\"4\" width=\"256\">can be immediate if both parties agree (in the case the company is not yet listed as a LLC, it is important to add approx. 4-6 months for the listing)<\/td><\/tr><tr><td colspan=\"4\">Necessity of a selection procedure<\/td><td colspan=\"4\">none<\/td><td colspan=\"4\">none<\/td><\/tr><\/tbody><\/table><\/div>\n\t\t\t\t<\/div>\n\t\t\t\t\t\t\t\t<\/div>\n\t\t\t\t<\/div>\n\t\t\t\t<\/div>\n\t\t\t\t\t\t<\/div>\n\t\t\t\t\t<\/div>\n\t\t<\/div>\n\t\t\t\t\t\t\t\t<\/div>\n\t\t\t\t\t<\/div>\n\t\t<\/section>\n\t\t\t\t<section class=\"elementor-section elementor-top-section elementor-element elementor-element-9f4bdb0 elementor-section-boxed elementor-section-height-default elementor-section-height-default\" data-id=\"9f4bdb0\" data-element_type=\"section\">\n\t\t\t\t\t\t<div class=\"elementor-container elementor-column-gap-default\">\n\t\t\t\t\t\t\t<div class=\"elementor-row\">\n\t\t\t\t\t<div class=\"elementor-column elementor-col-100 elementor-top-column elementor-element elementor-element-c5e5f8a\" data-id=\"c5e5f8a\" data-element_type=\"column\">\n\t\t\t<div class=\"elementor-column-wrap elementor-element-populated\">\n\t\t\t\t\t\t\t<div class=\"elementor-widget-wrap\">\n\t\t\t\t\t\t<div class=\"elementor-element elementor-element-131ee45 elementor-widget-divider--view-line elementor-widget elementor-widget-divider\" data-id=\"131ee45\" data-element_type=\"widget\" data-widget_type=\"divider.default\">\n\t\t\t\t<div class=\"elementor-widget-container\">\n\t\t\t\t\t<div class=\"elementor-divider\">\n\t\t\t<span class=\"elementor-divider-separator\">\n\t\t\t\t\t\t<\/span>\n\t\t<\/div>\n\t\t\t\t<\/div>\n\t\t\t\t<\/div>\n\t\t\t\t<div class=\"elementor-element elementor-element-55ca7c0 elementor-widget elementor-widget-text-editor\" data-id=\"55ca7c0\" data-element_type=\"widget\" data-widget_type=\"text-editor.default\">\n\t\t\t\t<div class=\"elementor-widget-container\">\n\t\t\t\t\t\t\t\t<div class=\"elementor-text-editor elementor-clearfix\">\n\t\t\t\t<p>We are able to offer costs analysis and optimisation of operational contracts (waste disposal, laundry services, cleaning services) for both the practice transfers from an individual, or in the framework of practice transfer to a Limited Liability Company. If there is a need of a fast sale of the practice we are able to offer a direct purchase of the practice (alternatively a purchase of a business share in the case of Limited Liability Company) by our company.<\/p>\t\t\t\t\t<\/div>\n\t\t\t\t\t\t<\/div>\n\t\t\t\t<\/div>\n\t\t\t\t\t\t<\/div>\n\t\t\t\t\t<\/div>\n\t\t<\/div>\n\t\t\t\t\t\t\t\t<\/div>\n\t\t\t\t\t<\/div>\n\t\t<\/section>\n\t\t\t\t\t\t<\/div>\n\t\t\t\t\t\t<\/div>\n\t\t\t\t\t<\/div>","protected":false},"excerpt":{"rendered":"<p>T\u011b\u017ei\u0161t\u011bm na\u0161ich aktivit je zprost\u0159edkov\u00e1n\u00ed prodeje l\u00e9ka\u0159sk\u00fdch prax\u00ed v oblasti praktick\u00e9ho l\u00e9ka\u0159stv\u00ed a ambulantn\u00edch specialist\u016f. V prvn\u00ed \u0159ad\u011b v\u017edy posuzujeme konkr\u00e9tn\u00ed situaci dan\u00e9ho l\u00e9ka\u0159e a hled\u00e1me takovou cestu, kter\u00e1 bude v souladu s jeho p\u0159edstavou. P\u0159i koncipov\u00e1n\u00ed nab\u00eddek a doporu\u010dov\u00e1n\u00ed model\u016f jednotliv\u00fdch transakc\u00ed jsme velmi flexibiln\u00ed a vych\u00e1z\u00edme z desetilet\u00fdch vlastn\u00edch zku\u0161enost\u00ed s provozem rozli\u010dn\u00fdch [&hellip;]<\/p>","protected":false},"author":1,"featured_media":0,"parent":0,"menu_order":0,"comment_status":"closed","ping_status":"closed","template":"","meta":[],"_links":{"self":[{"href":"https:\/\/www.medishark.cz\/en\/wp-json\/wp\/v2\/pages\/235"}],"collection":[{"href":"https:\/\/www.medishark.cz\/en\/wp-json\/wp\/v2\/pages"}],"about":[{"href":"https:\/\/www.medishark.cz\/en\/wp-json\/wp\/v2\/types\/page"}],"author":[{"embeddable":true,"href":"https:\/\/www.medishark.cz\/en\/wp-json\/wp\/v2\/users\/1"}],"replies":[{"embeddable":true,"href":"https:\/\/www.medishark.cz\/en\/wp-json\/wp\/v2\/comments?post=235"}],"version-history":[{"count":15,"href":"https:\/\/www.medishark.cz\/en\/wp-json\/wp\/v2\/pages\/235\/revisions"}],"predecessor-version":[{"id":501,"href":"https:\/\/www.medishark.cz\/en\/wp-json\/wp\/v2\/pages\/235\/revisions\/501"}],"wp:attachment":[{"href":"https:\/\/www.medishark.cz\/en\/wp-json\/wp\/v2\/media?parent=235"}],"curies":[{"name":"wp","href":"https:\/\/api.w.org\/{rel}","templated":true}]}}